{"id":733,"date":"2025-05-30T11:41:41","date_gmt":"2025-05-30T09:41:41","guid":{"rendered":"https:\/\/immoxygen.fr\/?page_id=733"},"modified":"2025-06-11T11:31:06","modified_gmt":"2025-06-11T09:31:06","slug":"mentions-legales","status":"publish","type":"page","link":"https:\/\/immoxygen.fr\/?page_id=733","title":{"rendered":"Mentions l\u00e9gales"},"content":{"rendered":"\t\t<div data-elementor-type=\"wp-page\" data-elementor-id=\"733\" class=\"elementor elementor-733\" data-elementor-post-type=\"page\">\n\t\t\t\t<div data-particle_enable=\"false\" data-particle-mobile-disabled=\"false\" class=\"elementor-element elementor-element-1e94761 e-flex e-con-boxed e-con e-parent\" data-id=\"1e94761\" data-element_type=\"container\" data-e-type=\"container\">\n\t\t\t\t\t<div class=\"e-con-inner\">\n\t\t\t\t<div class=\"elementor-element elementor-element-f864a2b elementor-widget elementor-widget-text-editor\" data-id=\"f864a2b\" data-element_type=\"widget\" data-e-type=\"widget\" data-widget_type=\"text-editor.default\">\n\t\t\t\t<div class=\"elementor-widget-container\">\n\t\t\t\t\t\t\t\t\t<p>Le site internet que vous consultez actuellement, accessible \u00e0 partir de l\u2019URL<br>https:\/\/immoxygen.fr (le \u00ab Site \u00bb ou l\u2019\u00ab Application \u00bb) est \u00e9dit\u00e9 par la soci\u00e9t\u00e9 Immoxygen (la \u00ab Soci\u00e9t\u00e9 \u00bb)<\/p>\n<p><span style=\"text-decoration: underline;\"><strong>Informations l\u00e9gales immoxygen :<\/strong><\/span><br><strong>D\u00e9nomination sociale :<\/strong> immoxygen<br><strong>Forme juridique<\/strong> : SAS<br><strong>Capital social<\/strong> : 12.000 euros<br><strong>Si\u00e8ge social<\/strong> : 19, rue Mademoiselle 78000 Versailles<br>RCS \/ SIREN : 930 784 962 RCS VERSAILLES<br><strong>Num\u00e9ro de TVA intracommunautaire<\/strong> : FR87930784962<br><strong>Email&nbsp;<\/strong>: contact@immoxygen.fr<\/p>\n<p><span style=\"text-decoration: underline;\"><strong>Directeur de la publication<\/strong><\/span><br><strong>Directeur de la publication<\/strong> : Marc HOUDET<br><strong>Responsable de la r\u00e9daction :<\/strong> Identique au directeur de la publication immoxygen propose un service de conseil<br><span style=\"font-size: 1rem;\">en investissement locatif cl\u00e9 en main, en&nbsp;<\/span><span style=\"font-size: 1rem;\">s\u2019appuyant sur ses deux filiales op\u00e9rationnelles immoxygen Transaction, pour la<br><\/span><span style=\"font-size: 1rem;\">chasse immobili\u00e8re ou la vente de biens immobiliers, et immoxygen Gestion qui<br><\/span><span style=\"font-size: 1rem;\">exerce une activit\u00e9 de gestion locative pour compte de tiers.<\/span><\/p>\n<p><span style=\"text-decoration: underline;\"><strong>H\u00e9bergeur du site<\/strong><\/span><br>HOSTINGER INTERNATIONAL LTD, 61 Lordou Vironos Street, 6023 Larnaca,<br>Chypre, joignable par le moyen suivant : https:\/\/www.hostinger.fr\/contact.<\/p>\n<p><span style=\"text-decoration: underline;\"><strong>Informations l\u00e9gales immoxygen Transaction&nbsp;:<br><\/strong><\/span><br><strong>D\u00e9nomination sociale :<\/strong> immoxygen Transaction<br><strong>Forme juridique<\/strong> : SAS<br><strong>Capital social<\/strong> : 10.000 euros<br><strong>Si\u00e8ge social<\/strong> : 19, rue Mademoiselle 78000 Versailles<br>RCS \/ SIREN : 931 494 355 RCS VERSAILLES<br><strong>Num\u00e9ro de TVA intracommunautaire :<\/strong> FR86931494355<br><strong>Email<\/strong>&nbsp;: contact@immoxygen.fr<br><strong>Carte professionnelle<\/strong> : Transaction sur immeubles et fonds de commerce n\u00b0 CPI<br>7801 2024 000 000 063, d\u00e9livr\u00e9e par la CCI Paris Ile-de-France<br><strong>Assurance responsabilit\u00e9 civile professionnelle<\/strong> : GENERALI IARD, domicili\u00e9 au<br>2 Rue Pillet-Will &#8211; 75009 PARIS<\/p>\n<p><strong>Garantie financi\u00e8re<\/strong> : 110.000 euros, souscrite aupr\u00e8s de CEGC, domicili\u00e9e au 59,<br>avenue Pierre Mend\u00e8s France \u2013 75013 Paris<br><strong>Adh\u00e9rent \u00e0 un service de m\u00e9diation<\/strong> : M\u00e9diation de la consommation \u2013 ANM<br>Consommation \u2013 2 rue de Colmar \u2013 94300 VINCENNES<br>contact@anmconso.com ou www.anmconso.com<\/p>\n<p><span style=\"text-decoration: underline;\"><strong>Informations l\u00e9gales immoxygen Gestion&nbsp;:<\/strong><\/span><br><strong>D\u00e9nomination sociale<\/strong> : immoxygen Gestion<br><strong>Nom commercial<\/strong>&nbsp;: OXYLOC<br><strong>Forme juridique<\/strong> : SAS<br><strong>Capital social<\/strong> : 10.000 euros<br><strong>Si\u00e8ge social<\/strong> : 19, rue Mademoiselle 78000 Versailles<br>RCS \/ SIREN : 931 763 528 RCS VERSAILLES<br><strong>Num\u00e9ro de TVA<\/strong> intracommunautaire : FR80931763528<br><strong>Email&nbsp;<\/strong>: gestion@oxyloc.fr<br><strong>Carte professionnelle<\/strong> : Gestion immobili\u00e8re n\u00b0 CPI 7801 2024 000 000 068,<br>d\u00e9livr\u00e9e par la CCI Paris Ile-de-France<br><strong>Assurance responsabilit\u00e9 civile professionnelle<\/strong> : GENERALI IARD, domicili\u00e9 au<br>2 Rue Pillet-Will &#8211; 75009 PARIS<br><strong>Garantie financi\u00e8re<\/strong> : 110.000 euros, souscrite aupr\u00e8s de CEGC, domicili\u00e9e au 59,<br>avenue Pierre Mend\u00e8s France \u2013 75013 Paris<br><strong>Adh\u00e9rent \u00e0 un service de m\u00e9diation<\/strong> : M\u00e9diation de la consommation \u2013 ANM<br>Consommation \u2013 2 rue de Colmar \u2013 94300 VINCENNES<br>contact@anmconso.com ou www.anmconso.com<br>Mandataire d&#8217;interm\u00e9diaire d\u2019assurance immatricul\u00e9 \u00e0 l\u2019ORIAS sous le n\u00b0 25002545<\/p>\n<p><span style=\"text-decoration: underline;\"><strong>Propri\u00e9t\u00e9 intellectuelle<\/strong><\/span><br>Le site internet ainsi que l\u2019ensemble de ses \u00e9l\u00e9ments (textes, images, logos, charte<br>graphique, etc.) sont la propri\u00e9t\u00e9 exclusive de <strong>Immoxygen et de ses filiales<\/strong>, sauf<br>mention contraire. Toute reproduction, repr\u00e9sentation, modification ou exploitation<br>partielle ou totale est strictement interdite sans autorisation \u00e9crite pr\u00e9alable.<\/p>\n<p><span style=\"text-decoration: underline;\"><strong>Donn\u00e9es personnelles<\/strong><\/span><br>Les informations collect\u00e9es via le site sont destin\u00e9es exclusivement \u00e0 Immoxygen Transaction dans le cadre de la gestion de vos demandes.<br>Conform\u00e9ment au<br>R\u00e8glement G\u00e9n\u00e9ral sur la Protection des Donn\u00e9es (RGPD), vous disposez d\u2019un droit<br>d\u2019acc\u00e8s, de rectification, de suppression et d\u2019opposition aux donn\u00e9es vous concernant. Pour exercer ces droits, vous pouvez nous \u00e9crire \u00e0 l\u2019adresse :<br>contact@immoxygen.fr.<\/p>\n<p><span style=\"text-decoration: underline;\"><strong>Cookies<\/strong><\/span><br>Le site peut \u00eatre amen\u00e9 \u00e0 utiliser des cookies \u00e0 des fins de statistiques, de<br>fonctionnement ou de personnalisation. Vous pouvez \u00e0 tout moment d\u00e9sactiver les<br>cookies en configurant votre navigateur.<\/p>\t\t\t\t\t\t\t\t<\/div>\n\t\t\t\t<\/div>\n\t\t\t\t\t<\/div>\n\t\t\t\t<\/div>\n\t\t\t\t<\/div>\n\t\t","protected":false},"excerpt":{"rendered":"<p>Le site internet que vous consultez actuellement, accessible \u00e0 partir de l\u2019URLhttps:\/\/immoxygen.fr (le \u00ab Site \u00bb ou l\u2019\u00ab Application \u00bb) est \u00e9dit\u00e9 par la soci\u00e9t\u00e9 Immoxygen (la \u00ab Soci\u00e9t\u00e9 \u00bb) Informations l\u00e9gales immoxygen :D\u00e9nomination sociale : immoxygenForme juridique : SASCapital social : 12.000 eurosSi\u00e8ge social : 19, rue Mademoiselle 78000 VersaillesRCS \/ SIREN : 930 [&hellip;]<\/p>\n","protected":false},"author":1,"featured_media":0,"parent":0,"menu_order":0,"comment_status":"closed","ping_status":"closed","template":"","meta":{"_acf_changed":false,"footnotes":""},"class_list":["post-733","page","type-page","status-publish","hentry"],"acf":[],"_links":{"self":[{"href":"https:\/\/immoxygen.fr\/index.php?rest_route=\/wp\/v2\/pages\/733","targetHints":{"allow":["GET"]}}],"collection":[{"href":"https:\/\/immoxygen.fr\/index.php?rest_route=\/wp\/v2\/pages"}],"about":[{"href":"https:\/\/immoxygen.fr\/index.php?rest_route=\/wp\/v2\/types\/page"}],"author":[{"embeddable":true,"href":"https:\/\/immoxygen.fr\/index.php?rest_route=\/wp\/v2\/users\/1"}],"replies":[{"embeddable":true,"href":"https:\/\/immoxygen.fr\/index.php?rest_route=%2Fwp%2Fv2%2Fcomments&post=733"}],"version-history":[{"count":10,"href":"https:\/\/immoxygen.fr\/index.php?rest_route=\/wp\/v2\/pages\/733\/revisions"}],"predecessor-version":[{"id":754,"href":"https:\/\/immoxygen.fr\/index.php?rest_route=\/wp\/v2\/pages\/733\/revisions\/754"}],"wp:attachment":[{"href":"https:\/\/immoxygen.fr\/index.php?rest_route=%2Fwp%2Fv2%2Fmedia&parent=733"}],"curies":[{"name":"wp","href":"https:\/\/api.w.org\/{rel}","templated":true}]}}